{"id":48009,"date":"2018-09-26T00:07:21","date_gmt":"2018-09-25T22:07:21","guid":{"rendered":"https:\/\/www.crazysexyfuntraveler.com\/?page_id=48009"},"modified":"2019-07-08T10:44:35","modified_gmt":"2019-07-08T08:44:35","slug":"joga","status":"publish","type":"page","link":"https:\/\/www.crazysexyfuntraveler.com\/sk\/joga\/","title":{"rendered":"Joga"},"content":{"rendered":"\n<!-- Facebook Like Button Vivacity Infotech BEGIN -->\n<div class=\"fb-like\" data-href=\"https:\/\/www.crazysexyfuntraveler.com\/sk\/joga\/\" data-layout=\"standard\" data-action=\"like\" data-show-faces=\"false\" data-size=\"large\" data-width=\"600\" data-share=\"\" ><\/div>\n<!-- Facebook Like Button Vivacity Infotech END -->\n<p>&nbsp;<\/p>\r\n<div lang=\"sk-SK\">\r\n<h2>Organizujem jogov\u00e9 pobyty:<\/h2>\r\n<div class=\"\" data-block=\"true\" data-editor=\"2qo3e\" data-offset-key=\"9p50v-0-0\">\r\n<div data-offset-key=\"9p50v-0-0\">\u00a0<\/div>\r\n<ul>\r\n\t<li class=\"_1mf _1mj\" data-offset-key=\"9p50v-0-0\"><span data-offset-key=\"9p50v-0-0\">pobyty, kde si ka\u017ed\u00fd de\u0148 r\u00e1no a ve\u010der zacvi\u010d\u00edme jogu<\/span><\/li>\r\n\t<li class=\"_1mf _1mj\" data-offset-key=\"9p50v-0-0\"><span data-offset-key=\"9p50v-0-0\">nau\u010d\u00edme sa z\u00e1klady medit\u00e1cie a d\u00fdchac\u00edch cvi\u010den\u00ed pranayama<\/span><\/li>\r\n\t<li>preva\u017ene hatha joga a regenera\u010dn\u00e1 joga<\/li>\r\n\t<li>rozcvi\u010d\u00edme cel\u00fa chrbticu a postupne aj v\u0161etky ostatn\u00e9 \u010dasti tela<\/li>\r\n\t<li data-offset-key=\"9p50v-0-0\">povieme si o 8 z\u00e1kladn\u00fdch stup\u0148och jogy, a 7 z nich aj detailnej\u0161ie rozoberieme<\/li>\r\n\t<li class=\"_1mf _1mj\" data-offset-key=\"9p50v-0-0\"><span data-offset-key=\"9p50v-0-0\">tro\u0161ku zdetoxikujeme telo aj myse\u013e<\/span><\/li>\r\n\t<li class=\"_1mf _1mj\" data-offset-key=\"9p50v-0-0\"><span data-offset-key=\"9p50v-0-0\">tie\u017e odd\u00fdchneme vo wellnesse<\/span><\/li>\r\n\t<li><span data-offset-key=\"9p50v-0-0\">porozpr\u00e1vame sa aj o veg\u00e1nskej strave<\/span><\/li>\r\n<\/ul>\r\n<p>&nbsp;<\/p>\r\n<p><strong>Joga pobyty s\u00fa vhodn\u00e9 pre:<\/strong><\/p>\r\n<ul>\r\n\t<li class=\"_1mf _1mj\" data-offset-key=\"9p50v-0-0\"><span data-offset-key=\"9p50v-0-0\">za\u010diato\u010dn\u00edkov a mierne pokro\u010dil\u00fdch v joge<\/span><\/li>\r\n\t<li class=\"_1mf _1mj\" data-offset-key=\"9p50v-0-0\">t\u00fdch, \u010do sa chc\u00fa uk\u013eudni\u0165 a aspo\u0148 trochu vypn\u00fa\u0165 hlavu v tomto upon\u00e1h\u013eanom svete<\/li>\r\n\t<li class=\"_1mf _1mj\" data-offset-key=\"9p50v-0-0\">t\u00fdch, \u010do maj\u00fa probl\u00e9my s chrbticou, tr\u00e1ven\u00edm alebo d\u00fdchan\u00edm<\/li>\r\n\t<li class=\"_1mf _1mj\" data-offset-key=\"9p50v-0-0\">t\u00fdch, \u010do sa chc\u00fa nau\u010di\u0165 spr\u00e1vne d\u00fdcha\u0165 = pranayama<\/li>\r\n\t<li class=\"_1mf _1mj\" data-offset-key=\"9p50v-0-0\">t\u00fdch, \u010do sa chc\u00fa nau\u010di\u0165 z\u00e1klady medit\u00e1cie<\/li>\r\n\t<li class=\"_1mf _1mj\" data-offset-key=\"9p50v-0-0\">t\u00fdch, \u010do si chc\u00fa zlep\u0161i\u0165 celkov\u00e9 zdravie a nau\u010di\u0165 sa nie\u010do viac o veg\u00e1nskej strave, aj raw veg\u00e1nskej strave<\/li>\r\n\t<li class=\"_1mf _1mj\" data-offset-key=\"9p50v-0-0\">v\u00edtan\u00ed s\u00fa aj chlapi a p\u00e1ry<\/li>\r\n\t<li class=\"_1mf _1mj\" data-offset-key=\"9p50v-0-0\">od 18 rokov (10 a\u017e 18-ro\u010dn\u00ed musia pr\u00eds\u0165 na pobyt s rodi\u010dom)<\/li>\r\n<\/ul>\r\n<\/div>\r\n<\/div>\r\n<div>\u00a0<\/div>\r\n<div>\r\n<div id=\"attachment_50921\" style=\"width: 910px\" class=\"wp-caption alignnone\"><a href=\"https:\/\/www.crazysexyfuntraveler.com\/sk\/joga\/ale_5932\/\" rel=\"attachment wp-att-50921\"><img loading=\"lazy\" decoding=\"async\" aria-describedby=\"caption-attachment-50921\" class=\"size-full wp-image-50921\" src=\"https:\/\/www.crazysexyfuntraveler.com\/sk\/wp-content\/uploads\/2019\/04\/ALE_5932.jpg\" alt=\"na plazi Mandrem v Indii\" width=\"900\" height=\"600\" srcset=\"https:\/\/www.crazysexyfuntraveler.com\/sk\/wp-content\/uploads\/2019\/04\/ALE_5932.jpg 900w, https:\/\/www.crazysexyfuntraveler.com\/sk\/wp-content\/uploads\/2019\/04\/ALE_5932-600x400.jpg 600w, https:\/\/www.crazysexyfuntraveler.com\/sk\/wp-content\/uploads\/2019\/04\/ALE_5932-300x200.jpg 300w, https:\/\/www.crazysexyfuntraveler.com\/sk\/wp-content\/uploads\/2019\/04\/ALE_5932-768x512.jpg 768w\" sizes=\"auto, (max-width: 900px) 100vw, 900px\" \/><\/a><p id=\"caption-attachment-50921\" class=\"wp-caption-text\">na plazi Mandrem v Indii<\/p><\/div>\r\n<\/div>\r\n<div>\u00a0<\/div>\r\n<div>\u00a0<\/div>\r\n<div>\u00a0<\/div>\r\n<div>\u00a0<\/div>\r\n<div lang=\"sk-SK\">\r\n<h2>Na jogovom pobyte sa dozviete:<\/h2>\r\n<ul>\r\n\t<li>\u010do je joga?<\/li>\r\n\t<li>ak\u00e9 m\u00e1 v\u00fdhody a nev\u00fdhody?<\/li>\r\n\t<li>ako spr\u00e1vne cvi\u010di\u0165<\/li>\r\n\t<li>ako spr\u00e1vne d\u00fdcha\u0165<\/li>\r\n\t<li>ako sa nau\u010di\u0165 meditova\u0165<\/li>\r\n\t<li>\u010do som si v\u010faka joge &#8220;vylie\u010dila&#8220;?<\/li>\r\n\t<li>spr\u00e1vne kombin\u00e1cie potrav\u00edn a pre\u010do je veg\u00e1nska strava vhodn\u00e1 pre na\u0161e telo<\/li>\r\n\t<li>ako spr\u00e1vne cvi\u010di\u0165 dan\u00e9 jogov\u00e9 asany a na \u010do si d\u00e1va\u0165 pozor pri cvi\u010den\u00ed<\/li>\r\n<\/ul>\r\n<p>&nbsp;<\/p>\r\n<h2>Moje sk\u00fasenosti s jogou a veg\u00e1nstvom a certifik\u00e1ty:<\/h2>\r\n<div class=\"\" data-block=\"true\" data-editor=\"2qo3e\" data-offset-key=\"dlpas-0-0\">\r\n<div data-offset-key=\"dlpas-0-0\">\u00a0<\/div>\r\n<ul>\r\n\t<li class=\"_1mf _1mj\" data-offset-key=\"dlpas-0-0\"><span data-offset-key=\"dlpas-3-0\">Popri cestovan\u00ed po svete sa venujem joge u\u017e od m\u00e1ja 2012. Prv\u00fdkr\u00e1t som sa dostala k joge na tropick\u00fdch ostrovoch Bocas del Toro v Paname. Tr\u00e9novala som u\u017e s viac ako 30 r\u00f4znymi uzn\u00e1van\u00fdmi zahrani\u010dn\u00fdmi jog\u00ednmi v Paname, Kostarike, Bali, v Indii, Thajsku, ale aj v \u010ceskej republike a na Slovensku at\u010f.<\/span><\/li>\r\n<\/ul>\r\n<\/div>\r\n<div class=\"\" data-block=\"true\" data-editor=\"2qo3e\" data-offset-key=\"8nu7k-0-0\">\r\n<ul>\r\n\t<li class=\"_1mf _1mj\" data-offset-key=\"8nu7k-0-0\"><span data-offset-key=\"8nu7k-0-0\">Ofici\u00e1lny celosvetovo uzn\u00e1van\u00fd certifik\u00e1t <strong>RYR 200 hod\u00edn Hatha jogy<\/strong> m\u00e1m z marca 2018 z Preksha Yoga v Goa v Indii.<\/span><\/li>\r\n<\/ul>\r\n<p>&nbsp;<\/p>\r\n<ul>\r\n\t<li class=\"_1mf _1mj\" data-offset-key=\"8nu7k-0-0\">Okrem jogy sa venujem aj veg\u00e1nskej strave, a to hlavne raw surovej strave. V\u010faka celosvetovo platn\u00fdm certifikovan\u00fdm kurzom o surovej veg\u00e1nskej strave, detoxe a zdravom \u017eivotnom \u0161t\u00fdle z USA a z Bali tie\u017e organizujem kurzy a rob\u00edm kou\u010ding na t\u00fato t\u00e9mu o veg\u00e1nstve.<\/li>\r\n\t<li class=\"_1mf _1mj\" data-offset-key=\"8nu7k-0-0\">Od 2006 &#8211;\u00a0<span class=\"s1\">Poradca zdravej v\u00fd\u017eivy<\/span><\/li>\r\n<\/ul>\r\n<\/div>\r\n<ul>\r\n\t<li class=\"p1\">Od j\u00fana 2013 som sama preva\u017ene na raw veg\u00e1nskej strave a venujem sa r\u00f4znym druhom detoxu, tak\u017ee popri joge rob\u00edm aj konzult\u00e1cie oh\u013eadom veg\u00e1nstva a detoxu.<\/li>\r\n\t<li class=\"p1\"><span class=\"s1\">Janu\u00e1r 2014 &#8211; Nap\u00edsala som\u00a0<\/span><span class=\"s1\">Ebook <a href=\"https:\/\/www.crazysexyfuntraveler.com\/ebooks\/\">Surov\u00e1 strava a cestovanie<\/a><\/span><\/li>\r\n\t<li class=\"p1\"><span class=\"s1\">Febru\u00e1r 2015 &#8211;\u00a0<\/span><span class=\"s1\">Kurz a certifik\u00e1t Fitness Health Coach s NESTA Spencer Institute z USA\u00a0<\/span><\/li>\r\n\t<li class=\"p1\"><span class=\"s1\">November 2015 &#8211;\u00a0<\/span><span class=\"s1\"><a href=\"https:\/\/www.crazysexyfuntraveler.com\/pure-raw-vegan-chef-detox-bali-1\/\">Raw a detox kurz<\/a> a certifik\u00e1t s Amy Rachelle z Pure Raw a \u0161\u00e9fkuch\u00e1rkou Jillian Love <\/span><span class=\"s1\">z USA, Bali, Indon\u00e9zia<\/span><\/li>\r\n<\/ul>\r\n<p>&nbsp;<\/p>\r\n<\/div>\r\n\r\n<div id=\"attachment_50922\" style=\"width: 910px\" class=\"wp-caption alignnone\"><a href=\"https:\/\/www.crazysexyfuntraveler.com\/sk\/joga\/wellness-hotel-augustiniansky-dum-luhacovice-67\/\" rel=\"attachment wp-att-50922\"><img loading=\"lazy\" decoding=\"async\" aria-describedby=\"caption-attachment-50922\" class=\"size-full wp-image-50922\" src=\"https:\/\/www.crazysexyfuntraveler.com\/sk\/wp-content\/uploads\/2019\/04\/wellness-hotel-Augustiniansky-dum-Luhacovice-67.jpg\" alt=\"joga pri Augustiniansky dum\" width=\"900\" height=\"600\" srcset=\"https:\/\/www.crazysexyfuntraveler.com\/sk\/wp-content\/uploads\/2019\/04\/wellness-hotel-Augustiniansky-dum-Luhacovice-67.jpg 900w, https:\/\/www.crazysexyfuntraveler.com\/sk\/wp-content\/uploads\/2019\/04\/wellness-hotel-Augustiniansky-dum-Luhacovice-67-600x400.jpg 600w, https:\/\/www.crazysexyfuntraveler.com\/sk\/wp-content\/uploads\/2019\/04\/wellness-hotel-Augustiniansky-dum-Luhacovice-67-300x200.jpg 300w, https:\/\/www.crazysexyfuntraveler.com\/sk\/wp-content\/uploads\/2019\/04\/wellness-hotel-Augustiniansky-dum-Luhacovice-67-768x512.jpg 768w\" sizes=\"auto, (max-width: 900px) 100vw, 900px\" \/><\/a><p id=\"caption-attachment-50922\" class=\"wp-caption-text\">joga pri Augustiniansky dum<\/p><\/div>\r\n\r\n<p>&nbsp;<\/p>\r\n<div lang=\"sk-SK\">\r\n<h2>Zorganizovan\u00e9 jogov\u00e9 vegan pobyty:<\/h2>\r\n<ul>\r\n\t<li>spoluorganizovala som jogov\u00fd pobyt spolu s 2 in\u0161truktorkami jogy 17. &#8211; 24.6.2016 &#8211; Crikvenica, Chorv\u00e1tsko<\/li>\r\n\t<li>21. &#8211; 23.9.2018 m\u00f4j jogov\u00fd pobyt &#8211; <a href=\"https:\/\/www.facebook.com\/events\/656885674659866\/\" target=\"_blank\" rel=\"nofollow noopener noreferrer\">Thermal \u0160\u00edrava Spa Resort<\/a>, \u0160\u00edrava, Slovensko<\/li>\r\n<\/ul>\r\n<\/div>\r\n<p>&nbsp;<\/p>\r\n<p><iframe loading=\"lazy\" class=\"uk-responsive-width\" src=\"https:\/\/www.youtube.com\/embed\/prB-Y8-mfWQ\" width=\"900\" height=\"550\" frameborder=\"0\" allowfullscreen=\"allowfullscreen\"><\/iframe><\/p>\n<!-- Facebook Like Button Vivacity Infotech BEGIN -->\n<div class=\"fb-like\" data-href=\"https:\/\/www.crazysexyfuntraveler.com\/sk\/joga\/\" data-layout=\"standard\" data-action=\"like\" data-show-faces=\"false\" data-size=\"large\" data-width=\"600\" data-share=\"\" ><\/div>\n<!-- Facebook Like Button Vivacity Infotech END -->\n","protected":false},"excerpt":{"rendered":"<p>&nbsp; Organizujem jogov\u00e9 pobyty: \u00a0 pobyty, kde si ka\u017ed\u00fd de\u0148 r\u00e1no a ve\u010der zacvi\u010d\u00edme jogu nau\u010d\u00edme sa z\u00e1klady medit\u00e1cie a d\u00fdchac\u00edch cvi\u010den\u00ed pranayama preva\u017ene hatha joga a regenera\u010dn\u00e1 joga rozcvi\u010d\u00edme cel\u00fa chrbticu a postupne aj v\u0161etky ostatn\u00e9 \u010dasti tela povieme si o 8 z\u00e1kladn\u00fdch stup\u0148och jogy, a 7 z nich aj detailnej\u0161ie rozoberieme tro\u0161ku zdetoxikujeme [&hellip;]<\/p>\n","protected":false},"author":3,"featured_media":0,"parent":0,"menu_order":0,"comment_status":"open","ping_status":"closed","template":"","meta":{"footnotes":""},"class_list":["post-48009","page","type-page","status-publish","hentry"],"yoast_head":"<!-- This site is optimized with the Yoast SEO plugin v26.9 - https:\/\/yoast.com\/product\/yoast-seo-wordpress\/ -->\n<title>Joga - Crazy sexy fun traveler - cestovate\u013esk\u00fd blog o dobrodru\u017estv\u00e1ch a wellness<\/title>\n<meta name=\"robots\" content=\"index, follow, max-snippet:-1, max-image-preview:large, max-video-preview:-1\" \/>\n<link rel=\"canonical\" href=\"https:\/\/www.crazysexyfuntraveler.com\/sk\/joga\/\" \/>\n<meta property=\"og:locale\" content=\"sk_SK\" \/>\n<meta property=\"og:type\" content=\"article\" \/>\n<meta property=\"og:title\" content=\"Joga - Crazy sexy fun traveler - cestovate\u013esk\u00fd blog o dobrodru\u017estv\u00e1ch a wellness\" \/>\n<meta property=\"og:description\" content=\"&nbsp; Organizujem jogov\u00e9 pobyty: \u00a0 pobyty, kde si ka\u017ed\u00fd de\u0148 r\u00e1no a ve\u010der zacvi\u010d\u00edme jogu nau\u010d\u00edme sa z\u00e1klady medit\u00e1cie a d\u00fdchac\u00edch cvi\u010den\u00ed pranayama preva\u017ene hatha joga a regenera\u010dn\u00e1 joga rozcvi\u010d\u00edme cel\u00fa chrbticu a postupne aj v\u0161etky ostatn\u00e9 \u010dasti tela povieme si o 8 z\u00e1kladn\u00fdch stup\u0148och jogy, a 7 z nich aj detailnej\u0161ie rozoberieme tro\u0161ku zdetoxikujeme [&hellip;]\" \/>\n<meta property=\"og:url\" content=\"https:\/\/www.crazysexyfuntraveler.com\/sk\/joga\/\" \/>\n<meta property=\"og:site_name\" content=\"Crazy sexy fun traveler - cestovate\u013esk\u00fd blog o dobrodru\u017estv\u00e1ch a wellness\" \/>\n<meta property=\"article:publisher\" content=\"https:\/\/www.facebook.com\/crazysexyfuntraveler\" \/>\n<meta property=\"article:modified_time\" content=\"2019-07-08T08:44:35+00:00\" \/>\n<meta property=\"og:image\" content=\"https:\/\/www.crazysexyfuntraveler.com\/sk\/wp-content\/uploads\/2019\/04\/ALE_5932.jpg\" \/>\n<meta name=\"twitter:card\" content=\"summary_large_image\" \/>\n<meta name=\"twitter:site\" content=\"@sexyfuntraveler\" \/>\n<meta name=\"twitter:label1\" content=\"Predpokladan\u00fd \u010das \u010d\u00edtania\" \/>\n\t<meta name=\"twitter:data1\" content=\"3 min\u00faty\" \/>\n<script type=\"application\/ld+json\" class=\"yoast-schema-graph\">{\"@context\":\"https:\/\/schema.org\",\"@graph\":[{\"@type\":\"WebPage\",\"@id\":\"https:\/\/www.crazysexyfuntraveler.com\/sk\/joga\/\",\"url\":\"https:\/\/www.crazysexyfuntraveler.com\/sk\/joga\/\",\"name\":\"Joga - Crazy sexy fun traveler - cestovate\u013esk\u00fd blog o dobrodru\u017estv\u00e1ch a wellness\",\"isPartOf\":{\"@id\":\"https:\/\/www.crazysexyfuntraveler.com\/sk\/#website\"},\"primaryImageOfPage\":{\"@id\":\"https:\/\/www.crazysexyfuntraveler.com\/sk\/joga\/#primaryimage\"},\"image\":{\"@id\":\"https:\/\/www.crazysexyfuntraveler.com\/sk\/joga\/#primaryimage\"},\"thumbnailUrl\":\"https:\/\/www.crazysexyfuntraveler.com\/sk\/wp-content\/uploads\/2019\/04\/ALE_5932.jpg\",\"datePublished\":\"2018-09-25T22:07:21+00:00\",\"dateModified\":\"2019-07-08T08:44:35+00:00\",\"breadcrumb\":{\"@id\":\"https:\/\/www.crazysexyfuntraveler.com\/sk\/joga\/#breadcrumb\"},\"inLanguage\":\"sk-SK\",\"potentialAction\":[{\"@type\":\"ReadAction\",\"target\":[\"https:\/\/www.crazysexyfuntraveler.com\/sk\/joga\/\"]}]},{\"@type\":\"ImageObject\",\"inLanguage\":\"sk-SK\",\"@id\":\"https:\/\/www.crazysexyfuntraveler.com\/sk\/joga\/#primaryimage\",\"url\":\"https:\/\/www.crazysexyfuntraveler.com\/sk\/wp-content\/uploads\/2019\/04\/ALE_5932.jpg\",\"contentUrl\":\"https:\/\/www.crazysexyfuntraveler.com\/sk\/wp-content\/uploads\/2019\/04\/ALE_5932.jpg\",\"width\":900,\"height\":600,\"caption\":\"na plazi Mandrem v Indii\"},{\"@type\":\"BreadcrumbList\",\"@id\":\"https:\/\/www.crazysexyfuntraveler.com\/sk\/joga\/#breadcrumb\",\"itemListElement\":[{\"@type\":\"ListItem\",\"position\":1,\"name\":\"Home\",\"item\":\"https:\/\/www.crazysexyfuntraveler.com\/sk\/\"},{\"@type\":\"ListItem\",\"position\":2,\"name\":\"Joga\"}]},{\"@type\":\"WebSite\",\"@id\":\"https:\/\/www.crazysexyfuntraveler.com\/sk\/#website\",\"url\":\"https:\/\/www.crazysexyfuntraveler.com\/sk\/\",\"name\":\"Crazy sexy fun traveler - cestovate\u013esk\u00fd blog o dobrodru\u017estv\u00e1ch a wellness\",\"description\":\"Bl\u00e1zniv\u00e9 dobrodru\u017estv\u00e1, sexi cestovanie a zdrav\u00fd \u017eivotn\u00fd \u0161t\u00fdl\",\"potentialAction\":[{\"@type\":\"SearchAction\",\"target\":{\"@type\":\"EntryPoint\",\"urlTemplate\":\"https:\/\/www.crazysexyfuntraveler.com\/sk\/?s={search_term_string}\"},\"query-input\":{\"@type\":\"PropertyValueSpecification\",\"valueRequired\":true,\"valueName\":\"search_term_string\"}}],\"inLanguage\":\"sk-SK\"}]}<\/script>\n<!-- \/ Yoast SEO plugin. -->","yoast_head_json":{"title":"Joga - Crazy sexy fun traveler - cestovate\u013esk\u00fd blog o dobrodru\u017estv\u00e1ch a wellness","robots":{"index":"index","follow":"follow","max-snippet":"max-snippet:-1","max-image-preview":"max-image-preview:large","max-video-preview":"max-video-preview:-1"},"canonical":"https:\/\/www.crazysexyfuntraveler.com\/sk\/joga\/","og_locale":"sk_SK","og_type":"article","og_title":"Joga - Crazy sexy fun traveler - cestovate\u013esk\u00fd blog o dobrodru\u017estv\u00e1ch a wellness","og_description":"&nbsp; Organizujem jogov\u00e9 pobyty: \u00a0 pobyty, kde si ka\u017ed\u00fd de\u0148 r\u00e1no a ve\u010der zacvi\u010d\u00edme jogu nau\u010d\u00edme sa z\u00e1klady medit\u00e1cie a d\u00fdchac\u00edch cvi\u010den\u00ed pranayama preva\u017ene hatha joga a regenera\u010dn\u00e1 joga rozcvi\u010d\u00edme cel\u00fa chrbticu a postupne aj v\u0161etky ostatn\u00e9 \u010dasti tela povieme si o 8 z\u00e1kladn\u00fdch stup\u0148och jogy, a 7 z nich aj detailnej\u0161ie rozoberieme tro\u0161ku zdetoxikujeme [&hellip;]","og_url":"https:\/\/www.crazysexyfuntraveler.com\/sk\/joga\/","og_site_name":"Crazy sexy fun traveler - cestovate\u013esk\u00fd blog o dobrodru\u017estv\u00e1ch a wellness","article_publisher":"https:\/\/www.facebook.com\/crazysexyfuntraveler","article_modified_time":"2019-07-08T08:44:35+00:00","og_image":[{"url":"https:\/\/www.crazysexyfuntraveler.com\/sk\/wp-content\/uploads\/2019\/04\/ALE_5932.jpg","type":"","width":"","height":""}],"twitter_card":"summary_large_image","twitter_site":"@sexyfuntraveler","twitter_misc":{"Predpokladan\u00fd \u010das \u010d\u00edtania":"3 min\u00faty"},"schema":{"@context":"https:\/\/schema.org","@graph":[{"@type":"WebPage","@id":"https:\/\/www.crazysexyfuntraveler.com\/sk\/joga\/","url":"https:\/\/www.crazysexyfuntraveler.com\/sk\/joga\/","name":"Joga - Crazy sexy fun traveler - cestovate\u013esk\u00fd blog o dobrodru\u017estv\u00e1ch a wellness","isPartOf":{"@id":"https:\/\/www.crazysexyfuntraveler.com\/sk\/#website"},"primaryImageOfPage":{"@id":"https:\/\/www.crazysexyfuntraveler.com\/sk\/joga\/#primaryimage"},"image":{"@id":"https:\/\/www.crazysexyfuntraveler.com\/sk\/joga\/#primaryimage"},"thumbnailUrl":"https:\/\/www.crazysexyfuntraveler.com\/sk\/wp-content\/uploads\/2019\/04\/ALE_5932.jpg","datePublished":"2018-09-25T22:07:21+00:00","dateModified":"2019-07-08T08:44:35+00:00","breadcrumb":{"@id":"https:\/\/www.crazysexyfuntraveler.com\/sk\/joga\/#breadcrumb"},"inLanguage":"sk-SK","potentialAction":[{"@type":"ReadAction","target":["https:\/\/www.crazysexyfuntraveler.com\/sk\/joga\/"]}]},{"@type":"ImageObject","inLanguage":"sk-SK","@id":"https:\/\/www.crazysexyfuntraveler.com\/sk\/joga\/#primaryimage","url":"https:\/\/www.crazysexyfuntraveler.com\/sk\/wp-content\/uploads\/2019\/04\/ALE_5932.jpg","contentUrl":"https:\/\/www.crazysexyfuntraveler.com\/sk\/wp-content\/uploads\/2019\/04\/ALE_5932.jpg","width":900,"height":600,"caption":"na plazi Mandrem v Indii"},{"@type":"BreadcrumbList","@id":"https:\/\/www.crazysexyfuntraveler.com\/sk\/joga\/#breadcrumb","itemListElement":[{"@type":"ListItem","position":1,"name":"Home","item":"https:\/\/www.crazysexyfuntraveler.com\/sk\/"},{"@type":"ListItem","position":2,"name":"Joga"}]},{"@type":"WebSite","@id":"https:\/\/www.crazysexyfuntraveler.com\/sk\/#website","url":"https:\/\/www.crazysexyfuntraveler.com\/sk\/","name":"Crazy sexy fun traveler - cestovate\u013esk\u00fd blog o dobrodru\u017estv\u00e1ch a wellness","description":"Bl\u00e1zniv\u00e9 dobrodru\u017estv\u00e1, sexi cestovanie a zdrav\u00fd \u017eivotn\u00fd \u0161t\u00fdl","potentialAction":[{"@type":"SearchAction","target":{"@type":"EntryPoint","urlTemplate":"https:\/\/www.crazysexyfuntraveler.com\/sk\/?s={search_term_string}"},"query-input":{"@type":"PropertyValueSpecification","valueRequired":true,"valueName":"search_term_string"}}],"inLanguage":"sk-SK"}]}},"jetpack_sharing_enabled":true,"jetpack_shortlink":"https:\/\/wp.me\/Pfluyw-cul","_links":{"self":[{"href":"https:\/\/www.crazysexyfuntraveler.com\/sk\/wp-json\/wp\/v2\/pages\/48009","targetHints":{"allow":["GET"]}}],"collection":[{"href":"https:\/\/www.crazysexyfuntraveler.com\/sk\/wp-json\/wp\/v2\/pages"}],"about":[{"href":"https:\/\/www.crazysexyfuntraveler.com\/sk\/wp-json\/wp\/v2\/types\/page"}],"author":[{"embeddable":true,"href":"https:\/\/www.crazysexyfuntraveler.com\/sk\/wp-json\/wp\/v2\/users\/3"}],"replies":[{"embeddable":true,"href":"https:\/\/www.crazysexyfuntraveler.com\/sk\/wp-json\/wp\/v2\/comments?post=48009"}],"version-history":[{"count":3,"href":"https:\/\/www.crazysexyfuntraveler.com\/sk\/wp-json\/wp\/v2\/pages\/48009\/revisions"}],"predecessor-version":[{"id":51586,"href":"https:\/\/www.crazysexyfuntraveler.com\/sk\/wp-json\/wp\/v2\/pages\/48009\/revisions\/51586"}],"wp:attachment":[{"href":"https:\/\/www.crazysexyfuntraveler.com\/sk\/wp-json\/wp\/v2\/media?parent=48009"}],"curies":[{"name":"wp","href":"https:\/\/api.w.org\/{rel}","templated":true}]}}